{"id":287,"date":"2023-10-15T18:19:40","date_gmt":"2023-10-15T18:19:40","guid":{"rendered":"https:\/\/neu.klausposchmann.de\/?page_id=287"},"modified":"2024-01-04T18:33:28","modified_gmt":"2024-01-04T17:33:28","slug":"behandlungsansatz","status":"publish","type":"page","link":"https:\/\/klausposchmann.de\/?page_id=287","title":{"rendered":"Behandlungsansatz"},"content":{"rendered":"\t\t<div data-elementor-type=\"wp-page\" data-elementor-id=\"287\" class=\"elementor elementor-287\">\n\t\t\t\t\t\t<section class=\"elementor-section elementor-top-section elementor-element elementor-element-49846ec0 elementor-section-boxed elementor-section-height-default elementor-section-height-default\" data-id=\"49846ec0\" data-element_type=\"section\" data-e-type=\"section\">\n\t\t\t\t\t\t<div class=\"elementor-container elementor-column-gap-default\">\n\t\t\t\t\t<div class=\"elementor-column elementor-col-100 elementor-top-column elementor-element elementor-element-6a820ba2\" data-id=\"6a820ba2\" data-element_type=\"column\" data-e-type=\"column\">\n\t\t\t<div class=\"elementor-widget-wrap elementor-element-populated\">\n\t\t\t\t\t\t<div class=\"elementor-element elementor-element-e77e70c elementor-widget elementor-widget-spacer\" data-id=\"e77e70c\" data-element_type=\"widget\" data-e-type=\"widget\" data-widget_type=\"spacer.default\">\n\t\t\t\t<div class=\"elementor-widget-container\">\n\t\t\t\t\t\t\t<div class=\"elementor-spacer\">\n\t\t\t<div class=\"elementor-spacer-inner\"><\/div>\n\t\t<\/div>\n\t\t\t\t\t\t<\/div>\n\t\t\t\t<\/div>\n\t\t\t\t<section class=\"elementor-section elementor-inner-section elementor-element elementor-element-20f4758 elementor-section-boxed elementor-section-height-default elementor-section-height-default\" data-id=\"20f4758\" data-element_type=\"section\" data-e-type=\"section\">\n\t\t\t\t\t\t<div class=\"elementor-container elementor-column-gap-default\">\n\t\t\t\t\t<div class=\"elementor-column elementor-col-50 elementor-inner-column elementor-element elementor-element-58abe01\" data-id=\"58abe01\" data-element_type=\"column\" data-e-type=\"column\">\n\t\t\t<div class=\"elementor-widget-wrap elementor-element-populated\">\n\t\t\t\t\t\t<div class=\"elementor-element elementor-element-24cf4ba elementor-widget__width-initial elementor-widget elementor-widget-image\" data-id=\"24cf4ba\" data-element_type=\"widget\" data-e-type=\"widget\" data-widget_type=\"image.default\">\n\t\t\t\t<div class=\"elementor-widget-container\">\n\t\t\t\t\t\t\t\t\t\t\t\t\t\t\t<img fetchpriority=\"high\" decoding=\"async\" width=\"768\" height=\"1041\" src=\"https:\/\/klausposchmann.de\/wp-content\/uploads\/2023\/07\/Kapp-den-Stress-scaled-1-768x1041.jpg\" class=\"attachment-medium_large size-medium_large wp-image-20\" alt=\"\" srcset=\"https:\/\/klausposchmann.de\/wp-content\/uploads\/2023\/07\/Kapp-den-Stress-scaled-1-768x1041.jpg 768w, https:\/\/klausposchmann.de\/wp-content\/uploads\/2023\/07\/Kapp-den-Stress-scaled-1-221x300.jpg 221w, https:\/\/klausposchmann.de\/wp-content\/uploads\/2023\/07\/Kapp-den-Stress-scaled-1-755x1024.jpg 755w, https:\/\/klausposchmann.de\/wp-content\/uploads\/2023\/07\/Kapp-den-Stress-scaled-1-1133x1536.jpg 1133w, https:\/\/klausposchmann.de\/wp-content\/uploads\/2023\/07\/Kapp-den-Stress-scaled-1-1510x2048.jpg 1510w, https:\/\/klausposchmann.de\/wp-content\/uploads\/2023\/07\/Kapp-den-Stress-scaled-1.jpg 1888w\" sizes=\"100vw\" \/>\t\t\t\t\t\t\t\t\t\t\t\t\t\t\t<\/div>\n\t\t\t\t<\/div>\n\t\t\t\t\t<\/div>\n\t\t<\/div>\n\t\t\t\t<div class=\"elementor-column elementor-col-50 elementor-inner-column elementor-element elementor-element-78e9d6f\" data-id=\"78e9d6f\" data-element_type=\"column\" data-e-type=\"column\">\n\t\t\t<div class=\"elementor-widget-wrap elementor-element-populated\">\n\t\t\t\t\t\t<div class=\"elementor-element elementor-element-28acebd elementor-widget elementor-widget-text-editor\" data-id=\"28acebd\" data-element_type=\"widget\" data-e-type=\"widget\" data-widget_type=\"text-editor.default\">\n\t\t\t\t<div class=\"elementor-widget-container\">\n\t\t\t\t\t\t\t\t\t\n<p>WAS IST DAS?<\/p>\n\n<p>Seit \u00dcber 20 Jahren arbeite ich als Therapeut f\u00fcr cranio-sacrale Osteopathie, einer sanften, manuellen Heilmethode, die ganzheitlich auf Strukturen und Prozesse im K\u00f6rper einwirkt. Belastende Symptome, Schmerzen und Fehlhaltungen k\u00f6nnen so gel\u00f6st und gelindert werden.<\/p>\n\n<p>Der Patient erlebt, wie die Selbstheilungskr\u00e4fte seines K\u00f6rpers ihre Wirkung entfalten und nervliche, k\u00f6rperliche und geistige Aspekte wieder ins Gleichgewicht kommen. Das Zusammenspiel von Faszien, Sch\u00e4delknochen, R\u00fcckenmarksfl\u00fcssigkeit und Skelett ist als Ausdehnen und Zusammenziehen im ganzen K\u00f6rper sp\u00fcr- und behandelbar.<\/p>\n\t\t\t\t\t\t\t\t<\/div>\n\t\t\t\t<\/div>\n\t\t\t\t<div class=\"elementor-element elementor-element-99497f0 elementor-widget elementor-widget-text-editor\" data-id=\"99497f0\" data-element_type=\"widget\" data-e-type=\"widget\" data-widget_type=\"text-editor.default\">\n\t\t\t\t<div class=\"elementor-widget-container\">\n\t\t\t\t\t\t\t\t\t<p><\/p>\n<p>WIE WIRKT DIE OSTEOPATHIE?<\/p>\n<p><span style=\"color: var( --e-global-color-text ); font-family: var( --e-global-typography-text-font-family ), Sans-serif; font-weight: var( --e-global-typography-text-font-weight );\">Die beschriebene Bewegung entfaltet sich im ganzen K\u00f6rper. Die Ursachen von chronischen Schmerzen und Blockaden werden gel\u00f6st und die Selbstregulation angeregt. Sie sind fortan wieder mit sich selbst verbunden, Ihr K\u00f6rper atmet innerlich auf und findet zu seiner inneren Balance zur\u00fcck.<\/span><\/p>\n<p><\/p>\t\t\t\t\t\t\t\t<\/div>\n\t\t\t\t<\/div>\n\t\t\t\t\t<\/div>\n\t\t<\/div>\n\t\t\t\t\t<\/div>\n\t\t<\/section>\n\t\t\t\t<div class=\"elementor-element elementor-element-02fd4fe elementor-widget elementor-widget-text-editor\" data-id=\"02fd4fe\" data-element_type=\"widget\" data-e-type=\"widget\" data-widget_type=\"text-editor.default\">\n\t\t\t\t<div class=\"elementor-widget-container\">\n\t\t\t\t\t\t\t\t\t\n<p>WIE WERDE ICH BEHANDELT?<\/p>\n<p>Bei der Behandlung steht die Entlastung und St\u00e4rkung des Patienten im Vordergrund. Ich ersp\u00fcre das Zusammenspiel von Bindegewebe, Membranen und dem kn\u00f6chernen System und nehme etwaige Einschr\u00e4nkungen \u00fcber die H\u00e4nde wahr. Behutsam ertaste ich die Spuren k\u00f6rperlicher und seelischer Verletzungen und unterst\u00fctze gekonnt das L\u00f6sen.<\/p>\n\t\t\t\t\t\t\t\t<\/div>\n\t\t\t\t<\/div>\n\t\t\t\t<div class=\"elementor-element elementor-element-b0f2918 elementor-widget elementor-widget-text-editor\" data-id=\"b0f2918\" data-element_type=\"widget\" data-e-type=\"widget\" data-widget_type=\"text-editor.default\">\n\t\t\t\t<div class=\"elementor-widget-container\">\n\t\t\t\t\t\t\t\t\t<p><\/p>\n<p>CRANIO-SACRALE OSTEOPATHIE<\/p>\n<p>Cranio-sacrale Osteopathie hilft Menschen aller Altersgruppen viele, v\u00f6llig unterschiedliche Beschwerden auf einf\u00fchlsame Weise zu l\u00f6sen.<\/p>\n<p><span style=\"color: var( --e-global-color-text ); font-family: var( --e-global-typography-text-font-family ), Sans-serif; font-weight: var( --e-global-typography-text-font-weight );\">Sie unterst\u00fctzt Schwangere vobereitend auf eine entspanntere Geburt. Cranio-sacrale Osteopathie f\u00f6rdert optimal das Ankommen im Leben von Babys und sorgt f\u00fcr Eltern durch:<\/span><\/p>\n<p><\/p>\t\t\t\t\t\t\t\t<\/div>\n\t\t\t\t<\/div>\n\t\t\t\t<section class=\"elementor-section elementor-inner-section elementor-element elementor-element-7651558 elementor-section-boxed elementor-section-height-default elementor-section-height-default\" data-id=\"7651558\" data-element_type=\"section\" data-e-type=\"section\">\n\t\t\t\t\t\t<div class=\"elementor-container elementor-column-gap-default\">\n\t\t\t\t\t<div class=\"elementor-column elementor-col-33 elementor-inner-column elementor-element elementor-element-74c1b2d\" data-id=\"74c1b2d\" data-element_type=\"column\" data-e-type=\"column\">\n\t\t\t<div class=\"elementor-widget-wrap elementor-element-populated\">\n\t\t\t\t\t\t<div class=\"elementor-element elementor-element-de9c1a5 elementor-widget__width-initial elementor-widget elementor-widget-text-editor\" data-id=\"de9c1a5\" data-element_type=\"widget\" data-e-type=\"widget\" data-widget_type=\"text-editor.default\">\n\t\t\t\t<div class=\"elementor-widget-container\">\n\t\t\t\t\t\t\t\t\t<p style=\"padding-left: 40px; text-align: right;\">eine sanfte, respektvolle Vorbereitung<\/p>\n<p style=\"padding-left: 40px; text-align: right;\">eine effektive, einladende Begleitung<\/p>\n<p style=\"padding-left: 40px; text-align: right;\">eine nachsorgende Behandlung<\/p>\t\t\t\t\t\t\t\t<\/div>\n\t\t\t\t<\/div>\n\t\t\t\t\t<\/div>\n\t\t<\/div>\n\t\t\t\t<div class=\"elementor-column elementor-col-33 elementor-inner-column elementor-element elementor-element-4470350\" data-id=\"4470350\" data-element_type=\"column\" data-e-type=\"column\">\n\t\t\t<div class=\"elementor-widget-wrap elementor-element-populated\">\n\t\t\t\t\t\t<div class=\"elementor-element elementor-element-b633856 elementor-widget elementor-widget-image\" data-id=\"b633856\" data-element_type=\"widget\" data-e-type=\"widget\" data-widget_type=\"image.default\">\n\t\t\t\t<div class=\"elementor-widget-container\">\n\t\t\t\t\t\t\t\t\t\t\t\t\t\t\t<img decoding=\"async\" width=\"300\" height=\"300\" src=\"https:\/\/klausposchmann.de\/wp-content\/uploads\/2024\/01\/Safe-Inside-Mummy1-300x300.jpg\" class=\"attachment-medium size-medium wp-image-724\" alt=\"\" srcset=\"https:\/\/klausposchmann.de\/wp-content\/uploads\/2024\/01\/Safe-Inside-Mummy1-300x300.jpg 300w, https:\/\/klausposchmann.de\/wp-content\/uploads\/2024\/01\/Safe-Inside-Mummy1-1024x1024.jpg 1024w, https:\/\/klausposchmann.de\/wp-content\/uploads\/2024\/01\/Safe-Inside-Mummy1-150x150.jpg 150w, https:\/\/klausposchmann.de\/wp-content\/uploads\/2024\/01\/Safe-Inside-Mummy1-768x768.jpg 768w, https:\/\/klausposchmann.de\/wp-content\/uploads\/2024\/01\/Safe-Inside-Mummy1-1536x1536.jpg 1536w, https:\/\/klausposchmann.de\/wp-content\/uploads\/2024\/01\/Safe-Inside-Mummy1-2000x2000.jpg 2000w, https:\/\/klausposchmann.de\/wp-content\/uploads\/2024\/01\/Safe-Inside-Mummy1.jpg 2048w\" sizes=\"100vw\" \/>\t\t\t\t\t\t\t\t\t\t\t\t\t\t\t<\/div>\n\t\t\t\t<\/div>\n\t\t\t\t\t<\/div>\n\t\t<\/div>\n\t\t\t\t<div class=\"elementor-column elementor-col-33 elementor-inner-column elementor-element elementor-element-f4b4c65\" data-id=\"f4b4c65\" data-element_type=\"column\" data-e-type=\"column\">\n\t\t\t<div class=\"elementor-widget-wrap elementor-element-populated\">\n\t\t\t\t\t\t\t<\/div>\n\t\t<\/div>\n\t\t\t\t\t<\/div>\n\t\t<\/section>\n\t\t\t\t<div class=\"elementor-element elementor-element-419ef36 elementor-widget elementor-widget-text-editor\" data-id=\"419ef36\" data-element_type=\"widget\" data-e-type=\"widget\" data-widget_type=\"text-editor.default\">\n\t\t\t\t<div class=\"elementor-widget-container\">\n\t\t\t\t\t\t\t\t\t<p><br \/>\u00dcberzeugende Ergebnisse erzielt man mit dem Verfahren auch bei der Behandlung von &#8222;Schreikindern&#8220;, Verdauungsst\u00f6rungen oder Schwallerbrechen und vielem mehr. Kinder werden in ihrer Pers\u00f6nlichkeitsentwicklung gef\u00f6rdert und beispielsweise Konzentrationsst\u00f6rungen wandeln sich erfolgreich.<\/p>\t\t\t\t\t\t\t\t<\/div>\n\t\t\t\t<\/div>\n\t\t\t\t<section class=\"elementor-section elementor-inner-section elementor-element elementor-element-cb75487 elementor-section-boxed elementor-section-height-default elementor-section-height-default\" data-id=\"cb75487\" data-element_type=\"section\" data-e-type=\"section\">\n\t\t\t\t\t\t<div class=\"elementor-container elementor-column-gap-default\">\n\t\t\t\t\t<div class=\"elementor-column elementor-col-50 elementor-inner-column elementor-element elementor-element-71fefe0\" data-id=\"71fefe0\" data-element_type=\"column\" data-e-type=\"column\">\n\t\t\t<div class=\"elementor-widget-wrap elementor-element-populated\">\n\t\t\t\t\t\t<div class=\"elementor-element elementor-element-4760bf7 elementor-widget__width-initial elementor-widget elementor-widget-image\" data-id=\"4760bf7\" data-element_type=\"widget\" data-e-type=\"widget\" data-widget_type=\"image.default\">\n\t\t\t\t<div class=\"elementor-widget-container\">\n\t\t\t\t\t\t\t\t\t\t\t\t\t\t\t<img decoding=\"async\" width=\"150\" height=\"150\" src=\"https:\/\/klausposchmann.de\/wp-content\/uploads\/2023\/08\/Artur03-150x150.jpg\" class=\"attachment-thumbnail size-thumbnail wp-image-124\" alt=\"\" sizes=\"100vw\" \/>\t\t\t\t\t\t\t\t\t\t\t\t\t\t\t<\/div>\n\t\t\t\t<\/div>\n\t\t\t\t<div class=\"elementor-element elementor-element-5cd40ce elementor-widget__width-initial elementor-widget elementor-widget-image\" data-id=\"5cd40ce\" data-element_type=\"widget\" data-e-type=\"widget\" data-widget_type=\"image.default\">\n\t\t\t\t<div class=\"elementor-widget-container\">\n\t\t\t\t\t\t\t\t\t\t\t\t\t\t\t<img loading=\"lazy\" decoding=\"async\" width=\"150\" height=\"150\" src=\"https:\/\/klausposchmann.de\/wp-content\/uploads\/2023\/08\/Artur01-150x150.jpg\" class=\"attachment-thumbnail size-thumbnail wp-image-122\" alt=\"\" sizes=\"100vw\" \/>\t\t\t\t\t\t\t\t\t\t\t\t\t\t\t<\/div>\n\t\t\t\t<\/div>\n\t\t\t\t<div class=\"elementor-element elementor-element-e852146 elementor-widget__width-initial elementor-widget elementor-widget-image\" data-id=\"e852146\" data-element_type=\"widget\" data-e-type=\"widget\" data-widget_type=\"image.default\">\n\t\t\t\t<div class=\"elementor-widget-container\">\n\t\t\t\t\t\t\t\t\t\t\t\t\t\t\t<img loading=\"lazy\" decoding=\"async\" width=\"150\" height=\"150\" src=\"https:\/\/klausposchmann.de\/wp-content\/uploads\/2023\/08\/Artur02JPG-150x150.jpg\" class=\"attachment-thumbnail size-thumbnail wp-image-123\" alt=\"\" sizes=\"100vw\" \/>\t\t\t\t\t\t\t\t\t\t\t\t\t\t\t<\/div>\n\t\t\t\t<\/div>\n\t\t\t\t\t<\/div>\n\t\t<\/div>\n\t\t\t\t<div class=\"elementor-column elementor-col-50 elementor-inner-column elementor-element elementor-element-ef11bfd\" data-id=\"ef11bfd\" data-element_type=\"column\" data-e-type=\"column\">\n\t\t\t<div class=\"elementor-widget-wrap elementor-element-populated\">\n\t\t\t\t\t\t<div class=\"elementor-element elementor-element-d983104 elementor-widget__width-initial elementor-widget elementor-widget-video\" data-id=\"d983104\" data-element_type=\"widget\" data-e-type=\"widget\" data-settings=\"{&quot;video_type&quot;:&quot;hosted&quot;,&quot;mute&quot;:&quot;yes&quot;,&quot;controls&quot;:&quot;yes&quot;}\" data-widget_type=\"video.default\">\n\t\t\t\t<div class=\"elementor-widget-container\">\n\t\t\t\t\t\t\t<div class=\"e-hosted-video elementor-wrapper elementor-open-inline\">\n\t\t\t\t\t<video class=\"elementor-video\" src=\"https:\/\/klausposchmann.de\/wp-content\/uploads\/2023\/11\/Artur04.mov\" controls=\"\" preload=\"metadata\" muted=\"muted\" controlsList=\"nodownload\"><\/video>\n\t\t\t\t<\/div>\n\t\t\t\t\t\t<\/div>\n\t\t\t\t<\/div>\n\t\t\t\t\t<\/div>\n\t\t<\/div>\n\t\t\t\t\t<\/div>\n\t\t<\/section>\n\t\t\t\t<div class=\"elementor-element elementor-element-2ab3a73 elementor-widget elementor-widget-text-editor\" data-id=\"2ab3a73\" data-element_type=\"widget\" data-e-type=\"widget\" data-widget_type=\"text-editor.default\">\n\t\t\t\t<div class=\"elementor-widget-container\">\n\t\t\t\t\t\t\t\t\t<p>Erwachsene profitieren bei vielerlei Beschwerden von cranio-sacraler Osteopathie, etwa bei Migr\u00e4ne, Tinnitus, akuten und chronischen Schmerzen oder R\u00fcckenbeschwerden, sowie bei St\u00f6rungen des Schlaf-Wach-Rhythmus.<\/p>\t\t\t\t\t\t\t\t<\/div>\n\t\t\t\t<\/div>\n\t\t\t\t<div class=\"elementor-element elementor-element-5d56cc2 elementor-widget elementor-widget-spacer\" data-id=\"5d56cc2\" data-element_type=\"widget\" data-e-type=\"widget\" data-widget_type=\"spacer.default\">\n\t\t\t\t<div class=\"elementor-widget-container\">\n\t\t\t\t\t\t\t<div class=\"elementor-spacer\">\n\t\t\t<div class=\"elementor-spacer-inner\"><\/div>\n\t\t<\/div>\n\t\t\t\t\t\t<\/div>\n\t\t\t\t<\/div>\n\t\t\t\t\t<\/div>\n\t\t<\/div>\n\t\t\t\t\t<\/div>\n\t\t<\/section>\n\t\t\t\t<\/div>\n\t\t","protected":false},"excerpt":{"rendered":"<p>WAS IST DAS? Seit \u00dcber 20 Jahren arbeite ich als Therapeut f\u00fcr cranio-sacrale Osteopathie, einer sanften, manuellen Heilmethode, die ganzheitlich auf Strukturen und Prozesse im K\u00f6rper einwirkt. Belastende Symptome, Schmerzen und Fehlhaltungen k\u00f6nnen so gel\u00f6st und gelindert werden. Der Patient erlebt, wie die Selbstheilungskr\u00e4fte seines K\u00f6rpers ihre Wirkung entfalten und nervliche, k\u00f6rperliche und geistige Aspekte &hellip; <\/p>\n<p class=\"link-more\"><a href=\"https:\/\/klausposchmann.de\/?page_id=287\" class=\"more-link\">Mehr <span class=\"screen-reader-text\">\u00fcber &#8222;Behandlungsansatz&#8220; <\/span>Lesen<\/a><\/p>\n","protected":false},"author":1,"featured_media":726,"parent":0,"menu_order":0,"comment_status":"closed","ping_status":"closed","template":"page-templates\/full-width-builder-bb.php","meta":{"footnotes":""},"class_list":["post-287","page","type-page","status-publish","has-post-thumbnail","hentry"],"_links":{"self":[{"href":"https:\/\/klausposchmann.de\/index.php?rest_route=\/wp\/v2\/pages\/287","targetHints":{"allow":["GET"]}}],"collection":[{"href":"https:\/\/klausposchmann.de\/index.php?rest_route=\/wp\/v2\/pages"}],"about":[{"href":"https:\/\/klausposchmann.de\/index.php?rest_route=\/wp\/v2\/types\/page"}],"author":[{"embeddable":true,"href":"https:\/\/klausposchmann.de\/index.php?rest_route=\/wp\/v2\/users\/1"}],"replies":[{"embeddable":true,"href":"https:\/\/klausposchmann.de\/index.php?rest_route=%2Fwp%2Fv2%2Fcomments&post=287"}],"version-history":[{"count":161,"href":"https:\/\/klausposchmann.de\/index.php?rest_route=\/wp\/v2\/pages\/287\/revisions"}],"predecessor-version":[{"id":935,"href":"https:\/\/klausposchmann.de\/index.php?rest_route=\/wp\/v2\/pages\/287\/revisions\/935"}],"wp:featuredmedia":[{"embeddable":true,"href":"https:\/\/klausposchmann.de\/index.php?rest_route=\/wp\/v2\/media\/726"}],"wp:attachment":[{"href":"https:\/\/klausposchmann.de\/index.php?rest_route=%2Fwp%2Fv2%2Fmedia&parent=287"}],"curies":[{"name":"wp","href":"https:\/\/api.w.org\/{rel}","templated":true}]}}