{"id":228,"date":"2023-10-08T09:17:13","date_gmt":"2023-10-08T09:17:13","guid":{"rendered":"https:\/\/neu.klausposchmann.de\/?page_id=228"},"modified":"2026-02-13T21:42:11","modified_gmt":"2026-02-13T20:42:11","slug":"entspannte-news","status":"publish","type":"page","link":"https:\/\/klausposchmann.de\/","title":{"rendered":"Entspannte News"},"content":{"rendered":"\t\t<div data-elementor-type=\"wp-page\" data-elementor-id=\"228\" class=\"elementor elementor-228\">\n\t\t\t\t\t\t<section class=\"elementor-section elementor-top-section elementor-element elementor-element-d96374e elementor-section-full_width elementor-section-height-default elementor-section-height-default\" data-id=\"d96374e\" data-element_type=\"section\" data-e-type=\"section\">\n\t\t\t\t\t\t<div class=\"elementor-container elementor-column-gap-default\">\n\t\t\t\t\t<div class=\"elementor-column elementor-col-100 elementor-top-column elementor-element elementor-element-40c8fe8\" data-id=\"40c8fe8\" data-element_type=\"column\" data-e-type=\"column\">\n\t\t\t<div class=\"elementor-widget-wrap elementor-element-populated\">\n\t\t\t\t\t\t<section class=\"elementor-section elementor-inner-section elementor-element elementor-element-4d1548b elementor-section-boxed elementor-section-height-default elementor-section-height-default\" data-id=\"4d1548b\" data-element_type=\"section\" data-e-type=\"section\">\n\t\t\t\t\t\t<div class=\"elementor-container elementor-column-gap-default\">\n\t\t\t\t\t<div class=\"elementor-column elementor-col-50 elementor-inner-column elementor-element elementor-element-8f49058\" data-id=\"8f49058\" data-element_type=\"column\" data-e-type=\"column\">\n\t\t\t<div class=\"elementor-widget-wrap elementor-element-populated\">\n\t\t\t\t\t\t<div class=\"elementor-element elementor-element-0c1fef6 elementor-widget__width-initial elementor-widget elementor-widget-text-editor\" data-id=\"0c1fef6\" data-element_type=\"widget\" data-e-type=\"widget\" data-widget_type=\"text-editor.default\">\n\t\t\t\t<div class=\"elementor-widget-container\">\n\t\t\t\t\t\t\t\t\t<p>02.02.2026<br \/>Seminarreihe 2026\/2027<\/p>\t\t\t\t\t\t\t\t<\/div>\n\t\t\t\t<\/div>\n\t\t\t\t\t<\/div>\n\t\t<\/div>\n\t\t\t\t<div class=\"elementor-column elementor-col-50 elementor-inner-column elementor-element elementor-element-c0ba5b4\" data-id=\"c0ba5b4\" data-element_type=\"column\" data-e-type=\"column\">\n\t\t\t<div class=\"elementor-widget-wrap elementor-element-populated\">\n\t\t\t\t\t\t<div class=\"elementor-element elementor-element-81f662f elementor-widget__width-initial elementor-widget elementor-widget-text-editor\" data-id=\"81f662f\" data-element_type=\"widget\" data-e-type=\"widget\" data-widget_type=\"text-editor.default\">\n\t\t\t\t<div class=\"elementor-widget-container\">\n\t\t\t\t\t\t\t\t\t<p>Wir nehmen gerne Anmeldungen und Nachfragen zur neuen Seminarreihe im November 2026 entgegen.<\/p><p>Der Kurs 2025\/2026 ist ausgebucht und von ber\u00fchrender Qualit\u00e4t. Besonders freut uns die rege Beteiligung an der \u00dcbungsgruppe meist Samstag vormittags. Wer aus den Kursen der letzten Jahre Interesse daran hat, gern einfach melden und mitmachen!<\/p>\t\t\t\t\t\t\t\t<\/div>\n\t\t\t\t<\/div>\n\t\t\t\t\t<\/div>\n\t\t<\/div>\n\t\t\t\t\t<\/div>\n\t\t<\/section>\n\t\t\t\t<section class=\"elementor-section elementor-inner-section elementor-element elementor-element-cf9fdef elementor-section-boxed elementor-section-height-default elementor-section-height-default\" data-id=\"cf9fdef\" data-element_type=\"section\" data-e-type=\"section\">\n\t\t\t\t\t\t<div class=\"elementor-container elementor-column-gap-default\">\n\t\t\t\t\t<div class=\"elementor-column elementor-col-50 elementor-inner-column elementor-element elementor-element-8681145\" data-id=\"8681145\" data-element_type=\"column\" data-e-type=\"column\">\n\t\t\t<div class=\"elementor-widget-wrap elementor-element-populated\">\n\t\t\t\t\t\t<div class=\"elementor-element elementor-element-3f016bb elementor-widget__width-initial elementor-widget elementor-widget-text-editor\" data-id=\"3f016bb\" data-element_type=\"widget\" data-e-type=\"widget\" data-widget_type=\"text-editor.default\">\n\t\t\t\t<div class=\"elementor-widget-container\">\n\t\t\t\t\t\t\t\t\t<p>18.01.2026:<br \/>Gerne sind wir f\u00fcr Sie da &#8230;<\/p>\t\t\t\t\t\t\t\t<\/div>\n\t\t\t\t<\/div>\n\t\t\t\t\t<\/div>\n\t\t<\/div>\n\t\t\t\t<div class=\"elementor-column elementor-col-50 elementor-inner-column elementor-element elementor-element-a0eaa26\" data-id=\"a0eaa26\" data-element_type=\"column\" data-e-type=\"column\">\n\t\t\t<div class=\"elementor-widget-wrap elementor-element-populated\">\n\t\t\t\t\t\t<div class=\"elementor-element elementor-element-4251764 elementor-widget__width-initial elementor-widget elementor-widget-text-editor\" data-id=\"4251764\" data-element_type=\"widget\" data-e-type=\"widget\" data-widget_type=\"text-editor.default\">\n\t\t\t\t<div class=\"elementor-widget-container\">\n\t\t\t\t\t\t\t\t\t<p>Wir freuen uns \u00fcber W\u00e4rme, die ein paar Sonnenstrahlen schicken. Zeit, den Ballast des Winters zu l\u00f6sen. Unsere Selbstregulation braucht wieder einen Ansto\u00df und die Spannung und Anstrengungen des Winters d\u00fcrfen sich aufl\u00f6sen. Ausgeglichenheit und Kraft sind nach einigen osteopathischen Behandlungen wieder leichter zug\u00e4nglich. So wirkt die W\u00e4rme auch von Innen!<\/p>\t\t\t\t\t\t\t\t<\/div>\n\t\t\t\t<\/div>\n\t\t\t\t\t<\/div>\n\t\t<\/div>\n\t\t\t\t\t<\/div>\n\t\t<\/section>\n\t\t\t\t<section class=\"elementor-section elementor-inner-section elementor-element elementor-element-8c547f8 elementor-section-boxed elementor-section-height-default elementor-section-height-default\" data-id=\"8c547f8\" data-element_type=\"section\" data-e-type=\"section\">\n\t\t\t\t\t\t<div class=\"elementor-container elementor-column-gap-default\">\n\t\t\t\t\t<div class=\"elementor-column elementor-col-50 elementor-inner-column elementor-element elementor-element-e9b7d1a\" data-id=\"e9b7d1a\" data-element_type=\"column\" data-e-type=\"column\">\n\t\t\t<div class=\"elementor-widget-wrap elementor-element-populated\">\n\t\t\t\t\t\t<div class=\"elementor-element elementor-element-6653e05 elementor-widget__width-initial elementor-widget elementor-widget-text-editor\" data-id=\"6653e05\" data-element_type=\"widget\" data-e-type=\"widget\" data-widget_type=\"text-editor.default\">\n\t\t\t\t<div class=\"elementor-widget-container\">\n\t\t\t\t\t\t\t\t\t<p>06.10.2025<br \/>Zimmer mit Aussichten&#8230;\u00a0<\/p>\t\t\t\t\t\t\t\t<\/div>\n\t\t\t\t<\/div>\n\t\t\t\t\t<\/div>\n\t\t<\/div>\n\t\t\t\t<div class=\"elementor-column elementor-col-50 elementor-inner-column elementor-element elementor-element-94b457c\" data-id=\"94b457c\" data-element_type=\"column\" data-e-type=\"column\">\n\t\t\t<div class=\"elementor-widget-wrap elementor-element-populated\">\n\t\t\t\t\t\t<div class=\"elementor-element elementor-element-c07ac22 elementor-widget__width-initial elementor-widget elementor-widget-text-editor\" data-id=\"c07ac22\" data-element_type=\"widget\" data-e-type=\"widget\" data-widget_type=\"text-editor.default\">\n\t\t\t\t<div class=\"elementor-widget-container\">\n\t\t\t\t\t\t\t\t\t<p>Charmanter Raum (ca. 18qm) in Bestlage in unserer etablierten Praxisgemeinschaft tageweise zu vermieten.<br \/>Wir w\u00fcnschen uns Therapeut:innen aus gesundheitlichen, therapeutischen Berufungen&#8230; <br \/>Der Hauptbahnhof ist fussl\u00e4ufig in 5 Min zu erreichen. Die Lage ist ruhig und sch\u00f6n. <br \/>N\u00e4heres im pers\u00f6nlichen Gespr\u00e4ch. Bis bald&#8230;<\/p>\t\t\t\t\t\t\t\t<\/div>\n\t\t\t\t<\/div>\n\t\t\t\t\t<\/div>\n\t\t<\/div>\n\t\t\t\t\t<\/div>\n\t\t<\/section>\n\t\t\t\t<section class=\"elementor-section elementor-inner-section elementor-element elementor-element-f4f7a91 elementor-section-boxed elementor-section-height-default elementor-section-height-default\" data-id=\"f4f7a91\" data-element_type=\"section\" data-e-type=\"section\">\n\t\t\t\t\t\t<div class=\"elementor-container elementor-column-gap-default\">\n\t\t\t\t\t<div class=\"elementor-column elementor-col-50 elementor-inner-column elementor-element elementor-element-8cc5da1\" data-id=\"8cc5da1\" data-element_type=\"column\" data-e-type=\"column\">\n\t\t\t<div class=\"elementor-widget-wrap elementor-element-populated\">\n\t\t\t\t\t\t<div class=\"elementor-element elementor-element-fd66f92 elementor-widget__width-initial elementor-widget elementor-widget-text-editor\" data-id=\"fd66f92\" data-element_type=\"widget\" data-e-type=\"widget\" data-widget_type=\"text-editor.default\">\n\t\t\t\t<div class=\"elementor-widget-container\">\n\t\t\t\t\t\t\t\t\t<p>19.09.2025<br \/>Seminare &#8211; Es tut gut ber\u00fchrt zu sein \/ werden\u00a0<\/p>\t\t\t\t\t\t\t\t<\/div>\n\t\t\t\t<\/div>\n\t\t\t\t\t<\/div>\n\t\t<\/div>\n\t\t\t\t<div class=\"elementor-column elementor-col-50 elementor-inner-column elementor-element elementor-element-6af7f2c\" data-id=\"6af7f2c\" data-element_type=\"column\" data-e-type=\"column\">\n\t\t\t<div class=\"elementor-widget-wrap elementor-element-populated\">\n\t\t\t\t\t\t<div class=\"elementor-element elementor-element-fc7855d elementor-widget__width-initial elementor-widget elementor-widget-text-editor\" data-id=\"fc7855d\" data-element_type=\"widget\" data-e-type=\"widget\" data-widget_type=\"text-editor.default\">\n\t\t\t\t<div class=\"elementor-widget-container\">\n\t\t\t\t\t\t\t\t\t<p><span style=\"font-family: var( --e-global-typography-text-font-family ), Sans-serif;\">Die <\/span><span style=\"font-family: var( --e-global-typography-text-font-family ), Sans-serif;\">5<\/span><span style=\"font-family: var( --e-global-typography-text-font-family ), Sans-serif;\">&#8211;<\/span><span style=\"font-family: var( --e-global-typography-text-font-family ), Sans-serif;\">teilige <\/span><span style=\"font-family: var( --e-global-typography-text-font-family ), Sans-serif;\">Weiterbildungsreihe <\/span><span style=\"font-family: var( --e-global-typography-text-font-family ), Sans-serif;\">Cranio<\/span><span style=\"font-family: var( --e-global-typography-text-font-family ), Sans-serif;\">&#8211;<\/span><span style=\"font-family: var( --e-global-typography-text-font-family ), Sans-serif;\">Sacrale<\/span><span style=\"font-family: var( --e-global-typography-text-font-family ), Sans-serif;\">&#8211;<\/span><span style=\"font-family: var( --e-global-typography-text-font-family ), Sans-serif;\">Osteopathie startet\u00a0<\/span><span style=\"font-family: var( --e-global-typography-text-font-family ), Sans-serif;\">live <\/span><span style=\"font-family: var( --e-global-typography-text-font-family ), Sans-serif;\">und <\/span><span style=\"font-family: var( --e-global-typography-text-font-family ), Sans-serif;\">in <\/span><span style=\"font-family: var( --e-global-typography-text-font-family ), Sans-serif;\">Farbe\u00a0<\/span><span style=\"font-family: var( --e-global-typography-text-font-family ), Sans-serif;\">am 14.\/15. <\/span><span style=\"font-family: var( --e-global-typography-text-font-family ), Sans-serif;\">November <\/span><span style=\"font-family: var( --e-global-typography-text-font-family ), Sans-serif;\">2025 <\/span><span style=\"font-family: var( --e-global-typography-text-font-family ), Sans-serif;\">in <\/span><span style=\"font-family: var( --e-global-typography-text-font-family ), Sans-serif;\">Augsburg<\/span><span style=\"font-family: var( --e-global-typography-text-font-family ), Sans-serif;\">.\u00a0<\/span><\/p><p><span style=\"font-weight: 400;\">In <\/span><span style=\"font-weight: 400;\">unserer <\/span><span style=\"font-weight: 400;\">Praxis <\/span><span style=\"font-weight: 400;\">stehen <\/span><span style=\"font-weight: 400;\">die <\/span><span style=\"font-weight: 400;\">idealen <\/span><span style=\"font-weight: 400;\">und <\/span><span style=\"font-weight: 400;\">wohltuenden <\/span><span style=\"font-weight: 400;\">R\u00e4umlichkeiten <\/span><span style=\"font-weight: 400;\">f\u00fcr die <\/span><span style=\"font-weight: 400;\">Lern- <\/span><span style=\"font-weight: 400;\">und <\/span><span style=\"font-weight: 400;\">Erfahrungsprozesse <\/span><span style=\"font-weight: 400;\">bereit<\/span><span style=\"font-weight: 400;\">. <\/span><span style=\"font-weight: 400;\">F\u00fcr <\/span><span style=\"font-weight: 400;\">die <\/span><span style=\"font-weight: 400;\">Verpflegung <\/span><span style=\"font-weight: 400;\">in <\/span><span style=\"font-weight: 400;\">den <\/span><span style=\"font-weight: 400;\">Pausen <\/span><span style=\"font-weight: 400;\">und <\/span><span style=\"font-weight: 400;\">zum <\/span><span style=\"font-weight: 400;\">Mittag <\/span><span style=\"font-weight: 400;\">ist <\/span><span style=\"font-weight: 400;\">gesorgt<\/span><span style=\"font-weight: 400;\">. <\/span><span style=\"font-weight: 400;\">Diese <\/span><span style=\"font-weight: 400;\">Kosten <\/span><span style=\"font-weight: 400;\">sind <\/span><span style=\"font-weight: 400;\">in <\/span><span style=\"font-weight: 400;\">der <\/span><span style=\"font-weight: 400;\">Kursgeb\u00fchr <\/span><span style=\"font-weight: 400;\">enthalten<\/span><span style=\"font-weight: 400;\">. <\/span><span style=\"font-weight: 400;\">Individuelle <\/span><span style=\"font-weight: 400;\">Bed\u00fcrfnisse <\/span><span style=\"font-weight: 400;\">werden<\/span><span style=\"font-weight: 400;\">, <\/span><span style=\"font-weight: 400;\">nicht <\/span><span style=\"font-weight: 400;\">nur <\/span><span style=\"font-weight: 400;\">beim <\/span><span style=\"font-weight: 400;\">Essen<\/span><span style=\"font-weight: 400;\">, <\/span><span style=\"font-weight: 400;\">ber\u00fccksichtigt<\/span><span style=\"font-weight: 400;\">. <\/span><span style=\"font-weight: 400;\">Eine <\/span><span style=\"font-weight: 400;\">\u00dcbernachtung <\/span><span style=\"font-weight: 400;\">in <\/span><span style=\"font-weight: 400;\">der <\/span><span style=\"font-weight: 400;\">Praxis <\/span><span style=\"font-weight: 400;\">ist <\/span><span style=\"font-weight: 400;\">nach <\/span><span style=\"font-weight: 400;\">R\u00fccksprache <\/span><span style=\"font-weight: 400;\">m\u00f6glich<\/span><span style=\"font-weight: 400;\">.\u00a0<\/span><\/p><p><span style=\"font-weight: 400;\">Die <\/span><span style=\"font-weight: 400;\">Teilnehmer <\/span><span style=\"font-weight: 400;\">erhalten <\/span><span style=\"font-weight: 400;\">ein <\/span><span style=\"font-weight: 400;\">Abschlu\u00dfzertifikat<\/span><span style=\"font-weight: 400;\">. <\/span><span style=\"font-weight: 400;\">Dies <\/span><span style=\"font-weight: 400;\">best\u00e4tigt <\/span><span style=\"font-weight: 400;\">die <\/span><span style=\"font-weight: 400;\">Eignung <\/span><span style=\"font-weight: 400;\">f\u00fcr <\/span><span style=\"font-weight: 400;\">den <\/span><span style=\"font-weight: 400;\">qualifizierten <\/span><span style=\"font-weight: 400;\">Umgang <\/span><span style=\"font-weight: 400;\">mit <\/span><span style=\"font-weight: 400;\">der <\/span><span style=\"font-weight: 400;\">Methode<\/span><span style=\"font-weight: 400;\">. <\/span><span style=\"font-weight: 400;\">Die <\/span><span style=\"font-weight: 400;\">rechtlichen <\/span><span style=\"font-weight: 400;\">M\u00f6glichkeiten <\/span><span style=\"font-weight: 400;\">und <\/span><span style=\"font-weight: 400;\">Notwendigkeiten <\/span><span style=\"font-weight: 400;\">regeln <\/span><span style=\"font-weight: 400;\">die <\/span><span style=\"font-weight: 400;\">Teilnehmer <\/span><span style=\"font-weight: 400;\">selbst<\/span><span style=\"font-weight: 400;\">. <\/span><span style=\"font-weight: 400;\">Die <\/span><span style=\"font-weight: 400;\">Cranio<\/span><span style=\"font-weight: 400;\">&#8211;<\/span><span style=\"font-weight: 400;\">Sacral<\/span><span style=\"font-weight: 400;\">&#8211;<\/span><span style=\"font-weight: 400;\">Therapie <\/span><span style=\"font-weight: 400;\">ist <\/span><span style=\"font-weight: 400;\">eine <\/span><span style=\"font-weight: 400;\">wertvolle<\/span><span style=\"font-weight: 400;\">, <\/span><span style=\"font-weight: 400;\">von <\/span><span style=\"font-weight: 400;\">den <\/span><span style=\"font-weight: 400;\">Klienten <\/span><span style=\"font-weight: 400;\">sehr <\/span><span style=\"font-weight: 400;\">gesch\u00e4tzte Unterst\u00fctzung<\/span><span style=\"font-weight: 400;\">, <\/span><span style=\"font-weight: 400;\">in <\/span><span style=\"font-weight: 400;\">unterschiedlichen <\/span><span style=\"font-weight: 400;\">Arbeits- <\/span><span style=\"font-weight: 400;\">und <\/span><span style=\"font-weight: 400;\">Lebensbereichen<\/span><span style=\"font-weight: 400;\">.\u00a0<\/span><\/p><p><span style=\"font-weight: 400;\">Zu <\/span><span style=\"font-weight: 400;\">jedem <\/span><span style=\"font-weight: 400;\">Seminar <\/span><span style=\"font-weight: 400;\">gibt <\/span><span style=\"font-weight: 400;\">es <\/span><span style=\"font-weight: 400;\">ein <\/span><span style=\"font-weight: 400;\">Script <\/span><span style=\"font-weight: 400;\">und <\/span><span style=\"font-weight: 400;\">Nachscript<\/span><span style=\"font-weight: 400;\">! <\/span><span style=\"font-weight: 400;\">Die <\/span><span style=\"font-weight: 400;\">Scripte <\/span><span style=\"font-weight: 400;\">sind <\/span><span style=\"font-weight: 400;\">\u00fcber <\/span><span style=\"font-weight: 400;\">fast <\/span><span style=\"font-weight: 400;\">20 <\/span><span style=\"font-weight: 400;\">Jahre <\/span><span style=\"font-weight: 400;\">zu <\/span><span style=\"font-weight: 400;\">guten <\/span><span style=\"font-weight: 400;\">Ratgebern <\/span><span style=\"font-weight: 400;\">und <\/span><span style=\"font-weight: 400;\">Leitf\u00e4den <\/span><span style=\"font-weight: 400;\">in <\/span><span style=\"font-weight: 400;\">der <\/span><span style=\"font-weight: 400;\">allt\u00e4glichen <\/span><span style=\"font-weight: 400;\">Arbeit <\/span><span style=\"font-weight: 400;\">herangewachsen<\/span><span style=\"font-weight: 400;\">, <\/span><span style=\"font-weight: 400;\">sie <\/span><span style=\"font-weight: 400;\">umfassen also <\/span><span style=\"font-weight: 400;\">auch <\/span><span style=\"font-weight: 400;\">Themen <\/span><span style=\"font-weight: 400;\">aus <\/span><span style=\"font-weight: 400;\">anderen <\/span><span style=\"font-weight: 400;\">Seminaren <\/span><span style=\"font-weight: 400;\">der <\/span><span style=\"font-weight: 400;\">Vorjahre<\/span><span style=\"font-weight: 400;\">. <\/span><span style=\"font-weight: 400;\">Das <\/span><span style=\"font-weight: 400;\">\u201e<\/span><span style=\"font-weight: 400;\">Nachscript<\/span><span style=\"font-weight: 400;\">&#8220; <\/span><span style=\"font-weight: 400;\">umfasst <\/span><span style=\"font-weight: 400;\">den <\/span><span style=\"font-weight: 400;\">genauen <\/span><span style=\"font-weight: 400;\">Verlauf<\/span><span style=\"font-weight: 400;\">, <\/span><span style=\"font-weight: 400;\">die <\/span><span style=\"font-weight: 400;\">Themen <\/span><span style=\"font-weight: 400;\">und <\/span><span style=\"font-weight: 400;\">Fragen <\/span><span style=\"font-weight: 400;\">&amp; <\/span><span style=\"font-weight: 400;\">Antworten <\/span><span style=\"font-weight: 400;\">des <\/span><span style=\"font-weight: 400;\">Seminars <\/span><span style=\"font-weight: 400;\">&#8211; <\/span><span style=\"font-weight: 400;\">so <\/span><span style=\"font-weight: 400;\">haben <\/span><span style=\"font-weight: 400;\">wir <\/span><span style=\"font-weight: 400;\">die <\/span><span style=\"font-weight: 400;\">H\u00e4nde <\/span><span style=\"font-weight: 400;\">frei <\/span><span style=\"font-weight: 400;\">&#8230;<\/span><span style=\"font-weight: 400;\">und <\/span><span style=\"font-weight: 400;\">brauchen <\/span><span style=\"font-weight: 400;\">nur <\/span><span style=\"font-weight: 400;\">das <\/span><span style=\"font-weight: 400;\">Wichtigste <\/span><span style=\"font-weight: 400;\">mitzuschreiben<\/span><span style=\"font-weight: 400;\">. <\/span><span style=\"font-weight: 400;\">Zu <\/span><span style=\"font-weight: 400;\">den <\/span><span style=\"font-weight: 400;\">einzelnen <\/span><span style=\"font-weight: 400;\">Griff<\/span><span style=\"font-weight: 400;\">&#8211;<\/span><span style=\"font-weight: 400;\">Folgen <\/span><span style=\"font-weight: 400;\">und <\/span><span style=\"font-weight: 400;\">genaueren <\/span><span style=\"font-weight: 400;\">Finger<\/span><span style=\"font-weight: 400;\">&#8211;<\/span><span style=\"font-weight: 400;\">Positionen <\/span><span style=\"font-weight: 400;\">werden <\/span><span style=\"font-weight: 400;\">in <\/span><span style=\"font-weight: 400;\">der <\/span><span style=\"font-weight: 400;\">Lerngruppe <\/span><span style=\"font-weight: 400;\">Kurz<\/span><span style=\"font-weight: 400;\">&#8211;<\/span><span style=\"font-weight: 400;\">Videos <\/span><span style=\"font-weight: 400;\">und <\/span><span style=\"font-weight: 400;\">Fotos <\/span><span style=\"font-weight: 400;\">eingestellt<\/span><span style=\"font-weight: 400;\">. <\/span><span style=\"font-weight: 400;\">Diese <\/span><span style=\"font-weight: 400;\">bleiben <\/span><span style=\"font-weight: 400;\">privat <\/span><span style=\"font-weight: 400;\">und <\/span><span style=\"font-weight: 400;\">sind <\/span><span style=\"font-weight: 400;\">somit <\/span><span style=\"font-weight: 400;\">gesch\u00fctzt<\/span><span style=\"font-weight: 400;\">. <\/span><span style=\"font-weight: 400;\">Welches <\/span><span style=\"font-weight: 400;\">Medium <\/span><span style=\"font-weight: 400;\">wir <\/span><span style=\"font-weight: 400;\">daf\u00fcr <\/span><span style=\"font-weight: 400;\">nutzen <\/span><span style=\"font-weight: 400;\">entscheiden <\/span><span style=\"font-weight: 400;\">wir <\/span><span style=\"font-weight: 400;\">gemeinsam<\/span><span style=\"font-weight: 400;\">.\u00a0<\/span><\/p><p>Anmeldung gern unter\u00a0<a style=\"font-family: var( --e-global-typography-text-font-family ), Sans-serif;\" href=\"https:\/\/klausposchmann.de\/?page_id=47\">Kontaktformular<\/a>\u00a0und b<span style=\"font-family: var( --e-global-typography-text-font-family ), Sans-serif;\">ei <\/span><span style=\"font-family: var( --e-global-typography-text-font-family ), Sans-serif;\">weiteren <\/span><span style=\"font-family: var( --e-global-typography-text-font-family ), Sans-serif;\">Fragen <\/span><span style=\"font-family: var( --e-global-typography-text-font-family ), Sans-serif;\">gerne <\/span><span style=\"font-family: var( --e-global-typography-text-font-family ), Sans-serif;\">zu <\/span><span style=\"font-family: var( --e-global-typography-text-font-family ), Sans-serif;\">den <\/span><span style=\"font-family: var( --e-global-typography-text-font-family ), Sans-serif;\">B\u00fcrozeiten <\/span><span style=\"font-family: var( --e-global-typography-text-font-family ), Sans-serif;\">(<\/span><span style=\"font-family: var( --e-global-typography-text-font-family ), Sans-serif;\">Di <\/span><span style=\"font-family: var( --e-global-typography-text-font-family ), Sans-serif;\">&#8211; <\/span><span style=\"font-family: var( --e-global-typography-text-font-family ), Sans-serif;\">Do <\/span><span style=\"font-family: var( --e-global-typography-text-font-family ), Sans-serif;\">von <\/span><span style=\"font-family: var( --e-global-typography-text-font-family ), Sans-serif;\">9.00-<\/span><span style=\"font-family: var( --e-global-typography-text-font-family ), Sans-serif;\">12.00 <\/span><span style=\"font-family: var( --e-global-typography-text-font-family ), Sans-serif;\">Uhr<\/span><span style=\"font-family: var( --e-global-typography-text-font-family ), Sans-serif;\">) <\/span><span style=\"font-family: var( --e-global-typography-text-font-family ), Sans-serif;\">anrufen<\/span><span style=\"font-family: var( --e-global-typography-text-font-family ), Sans-serif;\">.\u00a0<\/span><\/p>\t\t\t\t\t\t\t\t<\/div>\n\t\t\t\t<\/div>\n\t\t\t\t\t<\/div>\n\t\t<\/div>\n\t\t\t\t\t<\/div>\n\t\t<\/section>\n\t\t\t\t\t<\/div>\n\t\t<\/div>\n\t\t\t\t\t<\/div>\n\t\t<\/section>\n\t\t\t\t<\/div>\n\t\t","protected":false},"excerpt":{"rendered":"<p>02.02.2026Seminarreihe 2026\/2027 Wir nehmen gerne Anmeldungen und Nachfragen zur neuen Seminarreihe im November 2026 entgegen. Der Kurs 2025\/2026 ist ausgebucht und von ber\u00fchrender Qualit\u00e4t. Besonders freut uns die rege Beteiligung an der \u00dcbungsgruppe meist Samstag vormittags. Wer aus den Kursen der letzten Jahre Interesse daran hat, gern einfach melden und mitmachen! 18.01.2026:Gerne sind wir f\u00fcr &hellip; <\/p>\n<p class=\"link-more\"><a href=\"https:\/\/klausposchmann.de\/\" class=\"more-link\">Mehr <span class=\"screen-reader-text\">\u00fcber &#8222;Entspannte News&#8220; <\/span>Lesen<\/a><\/p>\n","protected":false},"author":1,"featured_media":21,"parent":0,"menu_order":1,"comment_status":"closed","ping_status":"closed","template":"page-templates\/full-width-builder-bb.php","meta":{"footnotes":""},"class_list":["post-228","page","type-page","status-publish","has-post-thumbnail","hentry"],"_links":{"self":[{"href":"https:\/\/klausposchmann.de\/index.php?rest_route=\/wp\/v2\/pages\/228","targetHints":{"allow":["GET"]}}],"collection":[{"href":"https:\/\/klausposchmann.de\/index.php?rest_route=\/wp\/v2\/pages"}],"about":[{"href":"https:\/\/klausposchmann.de\/index.php?rest_route=\/wp\/v2\/types\/page"}],"author":[{"embeddable":true,"href":"https:\/\/klausposchmann.de\/index.php?rest_route=\/wp\/v2\/users\/1"}],"replies":[{"embeddable":true,"href":"https:\/\/klausposchmann.de\/index.php?rest_route=%2Fwp%2Fv2%2Fcomments&post=228"}],"version-history":[{"count":133,"href":"https:\/\/klausposchmann.de\/index.php?rest_route=\/wp\/v2\/pages\/228\/revisions"}],"predecessor-version":[{"id":1195,"href":"https:\/\/klausposchmann.de\/index.php?rest_route=\/wp\/v2\/pages\/228\/revisions\/1195"}],"wp:featuredmedia":[{"embeddable":true,"href":"https:\/\/klausposchmann.de\/index.php?rest_route=\/wp\/v2\/media\/21"}],"wp:attachment":[{"href":"https:\/\/klausposchmann.de\/index.php?rest_route=%2Fwp%2Fv2%2Fmedia&parent=228"}],"curies":[{"name":"wp","href":"https:\/\/api.w.org\/{rel}","templated":true}]}}