{"id":226,"date":"2023-10-08T09:39:42","date_gmt":"2023-10-08T09:39:42","guid":{"rendered":"https:\/\/neu.klausposchmann.de\/?page_id=226"},"modified":"2024-01-02T17:18:56","modified_gmt":"2024-01-02T16:18:56","slug":"ihr-therapeut-und-seminarleiter","status":"publish","type":"page","link":"https:\/\/klausposchmann.de\/?page_id=226","title":{"rendered":"Ihr Therapeut und Seminarleiter"},"content":{"rendered":"\t\t<div data-elementor-type=\"wp-page\" data-elementor-id=\"226\" class=\"elementor elementor-226\">\n\t\t\t\t\t\t<section class=\"elementor-section elementor-top-section elementor-element elementor-element-2d4ac7c elementor-section-boxed elementor-section-height-default elementor-section-height-default\" data-id=\"2d4ac7c\" data-element_type=\"section\" data-e-type=\"section\">\n\t\t\t\t\t\t<div class=\"elementor-container elementor-column-gap-default\">\n\t\t\t\t\t<div class=\"elementor-column elementor-col-100 elementor-top-column elementor-element elementor-element-0685771\" data-id=\"0685771\" data-element_type=\"column\" data-e-type=\"column\">\n\t\t\t<div class=\"elementor-widget-wrap elementor-element-populated\">\n\t\t\t\t\t\t<div class=\"elementor-element elementor-element-890857d elementor-widget elementor-widget-image\" data-id=\"890857d\" data-element_type=\"widget\" data-e-type=\"widget\" data-widget_type=\"image.default\">\n\t\t\t\t<div class=\"elementor-widget-container\">\n\t\t\t\t\t\t\t\t\t\t\t\t\t\t\t<img fetchpriority=\"high\" decoding=\"async\" width=\"768\" height=\"516\" src=\"https:\/\/klausposchmann.de\/wp-content\/uploads\/2023\/07\/Poschmann_Portrait-768x516.jpg\" class=\"attachment-medium_large size-medium_large wp-image-19\" alt=\"\" srcset=\"https:\/\/klausposchmann.de\/wp-content\/uploads\/2023\/07\/Poschmann_Portrait-768x516.jpg 768w, https:\/\/klausposchmann.de\/wp-content\/uploads\/2023\/07\/Poschmann_Portrait-300x202.jpg 300w, https:\/\/klausposchmann.de\/wp-content\/uploads\/2023\/07\/Poschmann_Portrait-1024x689.jpg 1024w, https:\/\/klausposchmann.de\/wp-content\/uploads\/2023\/07\/Poschmann_Portrait.jpg 1279w\" sizes=\"100vw\" \/>\t\t\t\t\t\t\t\t\t\t\t\t\t\t\t<\/div>\n\t\t\t\t<\/div>\n\t\t\t\t\t<\/div>\n\t\t<\/div>\n\t\t\t\t\t<\/div>\n\t\t<\/section>\n\t\t\t\t<section class=\"elementor-section elementor-top-section elementor-element elementor-element-d8b8682 elementor-section-boxed elementor-section-height-default elementor-section-height-default\" data-id=\"d8b8682\" data-element_type=\"section\" data-e-type=\"section\">\n\t\t\t\t\t\t<div class=\"elementor-container elementor-column-gap-default\">\n\t\t\t\t\t<div class=\"elementor-column elementor-col-100 elementor-top-column elementor-element elementor-element-3d93f3c\" data-id=\"3d93f3c\" data-element_type=\"column\" data-e-type=\"column\">\n\t\t\t<div class=\"elementor-widget-wrap elementor-element-populated\">\n\t\t\t\t\t\t<div class=\"elementor-element elementor-element-fbaf83d elementor-widget elementor-widget-spacer\" data-id=\"fbaf83d\" data-element_type=\"widget\" data-e-type=\"widget\" data-widget_type=\"spacer.default\">\n\t\t\t\t<div class=\"elementor-widget-container\">\n\t\t\t\t\t\t\t<div class=\"elementor-spacer\">\n\t\t\t<div class=\"elementor-spacer-inner\"><\/div>\n\t\t<\/div>\n\t\t\t\t\t\t<\/div>\n\t\t\t\t<\/div>\n\t\t\t\t\t<\/div>\n\t\t<\/div>\n\t\t\t\t\t<\/div>\n\t\t<\/section>\n\t\t\t\t<section class=\"elementor-section elementor-top-section elementor-element elementor-element-69d9ccf elementor-section-boxed elementor-section-height-default elementor-section-height-default\" data-id=\"69d9ccf\" data-element_type=\"section\" data-e-type=\"section\">\n\t\t\t\t\t\t<div class=\"elementor-container elementor-column-gap-default\">\n\t\t\t\t\t<div class=\"elementor-column elementor-col-100 elementor-top-column elementor-element elementor-element-500a684\" data-id=\"500a684\" data-element_type=\"column\" data-e-type=\"column\">\n\t\t\t<div class=\"elementor-widget-wrap elementor-element-populated\">\n\t\t\t\t\t\t<div class=\"elementor-element elementor-element-b62fa69 elementor-widget elementor-widget-text-editor\" data-id=\"b62fa69\" data-element_type=\"widget\" data-e-type=\"widget\" data-widget_type=\"text-editor.default\">\n\t\t\t\t<div class=\"elementor-widget-container\">\n\t\t\t\t\t\t\t\t\t<p>Ich bin Klaus Poschmann, ausgebildeter Heilpraktiker und Diplom-P\u00e4dagoge und seit 1987 in meiner eigenen Praxis t\u00e4tig. Von 1992 an absolvierte ich eine Ausbildung in cranio-sacraler Osteopathie, unter anderen bei Joachim Lichtenberg und Theo Kaiser. Seither setze ich diese Methode erfolgreich ein. Bei William Emerson, William Allen und Joachim Lichtenberg vertiefte ich meine Kenntnisse in Bezug auf die Behandlung von Babys und Kindern.<\/p>\t\t\t\t\t\t\t\t<\/div>\n\t\t\t\t<\/div>\n\t\t\t\t<div class=\"elementor-element elementor-element-b5b8c8b elementor-widget elementor-widget-text-editor\" data-id=\"b5b8c8b\" data-element_type=\"widget\" data-e-type=\"widget\" data-widget_type=\"text-editor.default\">\n\t\t\t\t<div class=\"elementor-widget-container\">\n\t\t\t\t\t\t\t\t\t<p>Weitere Ausbildungen in verschiedenen k\u00f6rperpsychotherapeutischen Verfahren erg\u00e4nzen meinen Werdegang, dessen wichtigster Teil inzwischen die Erfahrung ist, die ich in so vielen Jahren in der Berufspraxis sammeln durfte.<\/p>\t\t\t\t\t\t\t\t<\/div>\n\t\t\t\t<\/div>\n\t\t\t\t<div class=\"elementor-element elementor-element-dd7ec94 elementor-widget elementor-widget-text-editor\" data-id=\"dd7ec94\" data-element_type=\"widget\" data-e-type=\"widget\" data-widget_type=\"text-editor.default\">\n\t\t\t\t<div class=\"elementor-widget-container\">\n\t\t\t\t\t\t\t\t\t<p>Zu einem meiner Schwerpunkte &#8211; der Babybehandlung &#8211; kam ich durch die Geburt meiner gro\u00dfen Tochter, sp\u00e4ter durch einen Vortrag vor Hebammen im Jahr 1997 und die Behandlung der ersten &#8222;Schreibabys&#8220;, die an mich vermittelt wurden. Seither hat mich das Thema stets fasziniert. Die Behandlung von Babys und Kindern sowie der Nachwirkungen der Geburt bei Mutter und Kind stellt eine meiner St\u00e4rken dar. Gerne behandle ich auch die Geschwister, Eltern, Onkeln, Tanten, Freunde und Gro\u00dfeltern &#8211; also auch Erwachsene.<\/p>\t\t\t\t\t\t\t\t<\/div>\n\t\t\t\t<\/div>\n\t\t\t\t<div class=\"elementor-element elementor-element-daac193 elementor-widget elementor-widget-text-editor\" data-id=\"daac193\" data-element_type=\"widget\" data-e-type=\"widget\" data-widget_type=\"text-editor.default\">\n\t\t\t\t<div class=\"elementor-widget-container\">\n\t\t\t\t\t\t\t\t\t<p>Heute arbeite ich in der Gartenstra\u00dfe 17 in Augsburg in einer Praxisgemeinschaft. Mein Wissen sowie meine Praxiserfahrung gebe ich regelm\u00e4\u00dfig in Seminaren an Interessenten weiter, welche sich beruflich oder pers\u00f6nlich f\u00fcr die cranio-sacrale Osteopathie interessieren.<\/p>\t\t\t\t\t\t\t\t<\/div>\n\t\t\t\t<\/div>\n\t\t\t\t\t<\/div>\n\t\t<\/div>\n\t\t\t\t\t<\/div>\n\t\t<\/section>\n\t\t\t\t<section class=\"elementor-section elementor-top-section elementor-element elementor-element-b8b0566 elementor-section-boxed elementor-section-height-default elementor-section-height-default\" data-id=\"b8b0566\" data-element_type=\"section\" data-e-type=\"section\">\n\t\t\t\t\t\t<div class=\"elementor-container elementor-column-gap-default\">\n\t\t\t\t\t<div class=\"elementor-column elementor-col-100 elementor-top-column elementor-element elementor-element-fdb1942\" data-id=\"fdb1942\" data-element_type=\"column\" data-e-type=\"column\">\n\t\t\t<div class=\"elementor-widget-wrap elementor-element-populated\">\n\t\t\t\t\t\t<div class=\"elementor-element elementor-element-b84e4c0 elementor-widget elementor-widget-spacer\" data-id=\"b84e4c0\" data-element_type=\"widget\" data-e-type=\"widget\" data-widget_type=\"spacer.default\">\n\t\t\t\t<div class=\"elementor-widget-container\">\n\t\t\t\t\t\t\t<div class=\"elementor-spacer\">\n\t\t\t<div class=\"elementor-spacer-inner\"><\/div>\n\t\t<\/div>\n\t\t\t\t\t\t<\/div>\n\t\t\t\t<\/div>\n\t\t\t\t\t<\/div>\n\t\t<\/div>\n\t\t\t\t\t<\/div>\n\t\t<\/section>\n\t\t\t\t<\/div>\n\t\t","protected":false},"excerpt":{"rendered":"<p>Ich bin Klaus Poschmann, ausgebildeter Heilpraktiker und Diplom-P\u00e4dagoge und seit 1987 in meiner eigenen Praxis t\u00e4tig. Von 1992 an absolvierte ich eine Ausbildung in cranio-sacraler Osteopathie, unter anderen bei Joachim Lichtenberg und Theo Kaiser. Seither setze ich diese Methode erfolgreich ein. Bei William Emerson, William Allen und Joachim Lichtenberg vertiefte ich meine Kenntnisse in Bezug &hellip; <\/p>\n<p class=\"link-more\"><a href=\"https:\/\/klausposchmann.de\/?page_id=226\" class=\"more-link\">Mehr <span class=\"screen-reader-text\">\u00fcber &#8222;Ihr Therapeut und Seminarleiter&#8220; <\/span>Lesen<\/a><\/p>\n","protected":false},"author":1,"featured_media":0,"parent":0,"menu_order":0,"comment_status":"closed","ping_status":"closed","template":"page-templates\/full-width-builder-bb.php","meta":{"footnotes":""},"class_list":["post-226","page","type-page","status-publish","hentry"],"_links":{"self":[{"href":"https:\/\/klausposchmann.de\/index.php?rest_route=\/wp\/v2\/pages\/226","targetHints":{"allow":["GET"]}}],"collection":[{"href":"https:\/\/klausposchmann.de\/index.php?rest_route=\/wp\/v2\/pages"}],"about":[{"href":"https:\/\/klausposchmann.de\/index.php?rest_route=\/wp\/v2\/types\/page"}],"author":[{"embeddable":true,"href":"https:\/\/klausposchmann.de\/index.php?rest_route=\/wp\/v2\/users\/1"}],"replies":[{"embeddable":true,"href":"https:\/\/klausposchmann.de\/index.php?rest_route=%2Fwp%2Fv2%2Fcomments&post=226"}],"version-history":[{"count":36,"href":"https:\/\/klausposchmann.de\/index.php?rest_route=\/wp\/v2\/pages\/226\/revisions"}],"predecessor-version":[{"id":284,"href":"https:\/\/klausposchmann.de\/index.php?rest_route=\/wp\/v2\/pages\/226\/revisions\/284"}],"wp:attachment":[{"href":"https:\/\/klausposchmann.de\/index.php?rest_route=%2Fwp%2Fv2%2Fmedia&parent=226"}],"curies":[{"name":"wp","href":"https:\/\/api.w.org\/{rel}","templated":true}]}}